{"id":1634,"date":"2023-07-06T09:41:52","date_gmt":"2023-07-06T07:41:52","guid":{"rendered":"https:\/\/prismprotocol.com\/?page_id=1634"},"modified":"2023-07-18T08:10:53","modified_gmt":"2023-07-18T06:10:53","slug":"legal-terms","status":"publish","type":"page","link":"https:\/\/prismprotocol.com\/fr\/legal-terms\/","title":{"rendered":"Mentions L\u00e9gales"},"content":{"rendered":"<div data-elementor-type=\"wp-page\" data-elementor-id=\"1634\" class=\"elementor elementor-1634\">\n\t\t\t\t<div class=\"elementor-element elementor-element-7dc5bbc e-flex e-con-boxed e-con e-parent\" data-id=\"7dc5bbc\" data-element_type=\"container\" data-e-type=\"container\">\n\t\t\t\t\t<div class=\"e-con-inner\">\n\t\t<div class=\"elementor-element elementor-element-95b1020 e-flex e-con-boxed e-con e-parent\" data-id=\"95b1020\" data-element_type=\"container\" data-e-type=\"container\">\n\t\t\t\t\t<div class=\"e-con-inner\">\n\t\t\t\t<div class=\"elementor-element elementor-element-8cc9e99 elementor-widget elementor-widget-text-editor\" data-id=\"8cc9e99\" data-element_type=\"widget\" data-e-type=\"widget\" data-widget_type=\"text-editor.default\">\n\t\t\t\t<div class=\"elementor-widget-container\">\n\t\t\t\t\t\t\t\t\t<p><strong>Informations Juridiques<\/strong><\/p>\t\t\t\t\t\t\t\t<\/div>\n\t\t\t\t<\/div>\n\t\t<div class=\"elementor-element elementor-element-f4df11d e-flex e-con-boxed e-con e-parent\" data-id=\"f4df11d\" data-element_type=\"container\" data-e-type=\"container\">\n\t\t\t\t\t<div class=\"e-con-inner\">\n\t\t\t\t<div class=\"elementor-element elementor-element-5768705 elementor-widget elementor-widget-text-editor\" data-id=\"5768705\" data-element_type=\"widget\" data-e-type=\"widget\" data-widget_type=\"text-editor.default\">\n\t\t\t\t<div class=\"elementor-widget-container\">\n\t\t\t\t\t\t\t\t\t<p>Les pages de ce site peuvent contenir des liens vers des pages Internet externes. Nous incluons ces liens parce que nous pensons qu'ils peuvent vous \u00eatre utiles, mais nous ne sommes pas responsables de leur contenu. Nous vous encourageons \u00e0 consulter leurs conditions d'utilisation.<\/p>\t\t\t\t\t\t\t\t<\/div>\n\t\t\t\t<\/div>\n\t\t\t\t\t<\/div>\n\t\t\t\t<\/div>\n\t\t\t\t\t<\/div>\n\t\t\t\t<\/div>\n\t\t<div class=\"elementor-element elementor-element-aafdd58 e-flex e-con-boxed e-con e-parent\" data-id=\"aafdd58\" data-element_type=\"container\" data-e-type=\"container\">\n\t\t\t\t\t<div class=\"e-con-inner\">\n\t\t\t\t<div class=\"elementor-element elementor-element-5c6a2e1 elementor-widget elementor-widget-text-editor\" data-id=\"5c6a2e1\" data-element_type=\"widget\" data-e-type=\"widget\" data-widget_type=\"text-editor.default\">\n\t\t\t\t<div class=\"elementor-widget-container\">\n\t\t\t\t\t\t\t\t\t<p><strong>Droits de Propri\u00e9t\u00e9 Intellectuelle<\/strong><\/p>\t\t\t\t\t\t\t\t<\/div>\n\t\t\t\t<\/div>\n\t\t<div class=\"elementor-element elementor-element-4f2f757 e-flex e-con-boxed e-con e-parent\" data-id=\"4f2f757\" data-element_type=\"container\" data-e-type=\"container\">\n\t\t\t\t\t<div class=\"e-con-inner\">\n\t\t\t\t<div class=\"elementor-element elementor-element-fdb885d elementor-widget elementor-widget-text-editor\" data-id=\"fdb885d\" data-element_type=\"widget\" data-e-type=\"widget\" data-widget_type=\"text-editor.default\">\n\t\t\t\t<div class=\"elementor-widget-container\">\n\t\t\t\t\t\t\t\t\t<p>Le contenu de ce site est soumis \u00e0 la l\u00e9gislation Fran\u00e7aise sur le droit d'auteur et le droit des marques. L'\u00e9diteur conserve tous les droits de propri\u00e9t\u00e9 intellectuelle relatifs au site sous toutes ses formes et dans tous ses formats. Le contenu de ce site ne peut \u00eatre (en tout ou partie) publi\u00e9, stock\u00e9, reproduit, distribu\u00e9, vendu, transmis, pr\u00e9sent\u00e9, d\u00e9compil\u00e9, d\u00e9sassembl\u00e9, modifi\u00e9, traduit ou adapt\u00e9 sans l'accord pr\u00e9alable \u00e9crit de l'\u00e9diteur.<\/p>\t\t\t\t\t\t\t\t<\/div>\n\t\t\t\t<\/div>\n\t\t\t\t\t<\/div>\n\t\t\t\t<\/div>\n\t\t\t\t\t<\/div>\n\t\t\t\t<\/div>\n\t\t<div class=\"elementor-element elementor-element-80cbc0c e-flex e-con-boxed e-con e-parent\" data-id=\"80cbc0c\" data-element_type=\"container\" data-e-type=\"container\">\n\t\t\t\t\t<div class=\"e-con-inner\">\n\t\t\t\t<div class=\"elementor-element elementor-element-27aa097 elementor-widget elementor-widget-text-editor\" data-id=\"27aa097\" data-element_type=\"widget\" data-e-type=\"widget\" data-widget_type=\"text-editor.default\">\n\t\t\t\t<div class=\"elementor-widget-container\">\n\t\t\t\t\t\t\t\t\t<p><strong>Donn\u00e9es Personnelles<\/strong><\/p>\t\t\t\t\t\t\t\t<\/div>\n\t\t\t\t<\/div>\n\t\t<div class=\"elementor-element elementor-element-8bca2a5 e-flex e-con-boxed e-con e-parent\" data-id=\"8bca2a5\" data-element_type=\"container\" data-e-type=\"container\">\n\t\t\t\t\t<div class=\"e-con-inner\">\n\t\t\t\t<div class=\"elementor-element elementor-element-4081a5d elementor-widget elementor-widget-text-editor\" data-id=\"4081a5d\" data-element_type=\"widget\" data-e-type=\"widget\" data-widget_type=\"text-editor.default\">\n\t\t\t\t<div class=\"elementor-widget-container\">\n\t\t\t\t\t\t\t\t\t<p>Vous pouvez visiter notre site sur Internet sans divulguer votre identit\u00e9 ni aucune information personnelle vous concernant. Toutefois, si vous souhaitez prendre rendez-vous ou nous contacter, il vous sera demand\u00e9 de nous communiquer vos coordonn\u00e9es. Veuillez noter que vos donn\u00e9es sont collect\u00e9es sur la base de votre consentement, dans le seul but de vous contacter en r\u00e9ponse \u00e0 votre demande. Les donn\u00e9es sont conserv\u00e9es pendant une p\u00e9riode n'exc\u00e9dant pas un an et ne sont pas transf\u00e9r\u00e9es \u00e0 des tiers.<\/p>\t\t\t\t\t\t\t\t<\/div>\n\t\t\t\t<\/div>\n\t\t\t\t\t<\/div>\n\t\t\t\t<\/div>\n\t\t\t\t\t<\/div>\n\t\t\t\t<\/div>\n\t\t\t\t\t<\/div>\n\t\t\t\t<\/div>\n\t\t\t\t<\/div>","protected":false},"excerpt":{"rendered":"<p>Legal Information The pages of this site may contain links to external Internet pages. We include these links because we believe they may be useful to you, but we are not responsible for their content. We encourage you to consult their terms of use. Intellectual Property Rights The content of this site is subject to French copyright and trademark law. The publisher retains all intellectual property rights relating to the site in all forms and formats. The content of this site may not (in whole or in part) be published, stored, reproduced, distributed, sold, transmitted, presented, decompiled, disassembled, modified, translated\u2026<\/p>","protected":false},"author":1,"featured_media":0,"parent":0,"menu_order":0,"comment_status":"closed","ping_status":"closed","template":"","meta":{"footnotes":""},"class_list":["post-1634","page","type-page","status-publish","hentry"],"blocksy_meta":"","_links":{"self":[{"href":"https:\/\/prismprotocol.com\/fr\/wp-json\/wp\/v2\/pages\/1634","targetHints":{"allow":["GET"]}}],"collection":[{"href":"https:\/\/prismprotocol.com\/fr\/wp-json\/wp\/v2\/pages"}],"about":[{"href":"https:\/\/prismprotocol.com\/fr\/wp-json\/wp\/v2\/types\/page"}],"author":[{"embeddable":true,"href":"https:\/\/prismprotocol.com\/fr\/wp-json\/wp\/v2\/users\/1"}],"replies":[{"embeddable":true,"href":"https:\/\/prismprotocol.com\/fr\/wp-json\/wp\/v2\/comments?post=1634"}],"version-history":[{"count":17,"href":"https:\/\/prismprotocol.com\/fr\/wp-json\/wp\/v2\/pages\/1634\/revisions"}],"predecessor-version":[{"id":1667,"href":"https:\/\/prismprotocol.com\/fr\/wp-json\/wp\/v2\/pages\/1634\/revisions\/1667"}],"wp:attachment":[{"href":"https:\/\/prismprotocol.com\/fr\/wp-json\/wp\/v2\/media?parent=1634"}],"curies":[{"name":"wp","href":"https:\/\/api.w.org\/{rel}","templated":true}]}}